{"id":205,"date":"2024-12-27T19:19:22","date_gmt":"2024-12-27T19:19:22","guid":{"rendered":"https:\/\/veo23mollok.ita.voco.ee\/?page_id=205"},"modified":"2025-01-06T07:24:35","modified_gmt":"2025-01-06T07:24:35","slug":"kkk","status":"publish","type":"page","link":"https:\/\/veo23mollok.ita.voco.ee\/index.php\/kkk\/","title":{"rendered":"KKK"},"content":{"rendered":"\n<p><strong>Korduma kippuvad k\u00fcsimused<\/strong><\/p>\n\n\n\n<ol class=\"wp-block-list\">\n<li><em>Mis p\u00f5him\u00f5ttel paadislipp t\u00f6\u00f6tab, kui puuduvad rattad? <\/em><\/li>\n\n\n\n<li><em>Kas paadislipp on \u00fcleni plastikust ja kuidas p\u00e4ike sellele m\u00f5jub?<\/em><\/li>\n\n\n\n<li><em>Kas toode on vastupidav ilmastikutingimustele?<\/em><\/li>\n<\/ol>\n\n\n<div class=\"wp-block-site-logo\"><a href=\"https:\/\/veo23mollok.ita.voco.ee\/\" class=\"custom-logo-link\" rel=\"home\"><img loading=\"lazy\" decoding=\"async\" width=\"156\" height=\"59\" src=\"https:\/\/veo23mollok.ita.voco.ee\/wp-content\/uploads\/2024\/12\/Screenshot-2024-12-14-153348.png\" class=\"custom-logo\" alt=\"Venose paadislipp- lihtsaim viis veele j\u00f5udmiseks!\" \/><\/a><\/div>","protected":false},"excerpt":{"rendered":"<p>Korduma kippuvad k\u00fcsimused<\/p>\n","protected":false},"author":1,"featured_media":0,"parent":0,"menu_order":0,"comment_status":"closed","ping_status":"closed","template":"","meta":{"footnotes":""},"class_list":["post-205","page","type-page","status-publish","hentry"],"yoast_head":"<!-- This site is optimized with the Yoast SEO plugin v24.1 - https:\/\/yoast.com\/wordpress\/plugins\/seo\/ -->\n<title>KKK - Venose paadislipp- lihtsaim viis veele j\u00f5udmiseks!<\/title>\n<meta name=\"robots\" content=\"index, follow, max-snippet:-1, max-image-preview:large, max-video-preview:-1\" \/>\n<link rel=\"canonical\" href=\"https:\/\/veo23mollok.ita.voco.ee\/index.php\/kkk\/\" \/>\n<meta property=\"og:locale\" content=\"en_US\" \/>\n<meta property=\"og:type\" content=\"article\" \/>\n<meta property=\"og:title\" content=\"KKK - Venose paadislipp- lihtsaim viis veele j\u00f5udmiseks!\" \/>\n<meta property=\"og:description\" content=\"Korduma kippuvad k\u00fcsimused\" \/>\n<meta property=\"og:url\" content=\"https:\/\/veo23mollok.ita.voco.ee\/index.php\/kkk\/\" \/>\n<meta property=\"og:site_name\" content=\"Venose paadislipp- lihtsaim viis veele j\u00f5udmiseks!\" \/>\n<meta property=\"article:modified_time\" content=\"2025-01-06T07:24:35+00:00\" \/>\n<meta name=\"twitter:card\" content=\"summary_large_image\" \/>\n<script type=\"application\/ld+json\" class=\"yoast-schema-graph\">{\"@context\":\"https:\/\/schema.org\",\"@graph\":[{\"@type\":\"WebPage\",\"@id\":\"https:\/\/veo23mollok.ita.voco.ee\/index.php\/kkk\/\",\"url\":\"https:\/\/veo23mollok.ita.voco.ee\/index.php\/kkk\/\",\"name\":\"KKK - Venose paadislipp- lihtsaim viis veele j\u00f5udmiseks!\",\"isPartOf\":{\"@id\":\"https:\/\/veo23mollok.ita.voco.ee\/#website\"},\"datePublished\":\"2024-12-27T19:19:22+00:00\",\"dateModified\":\"2025-01-06T07:24:35+00:00\",\"breadcrumb\":{\"@id\":\"https:\/\/veo23mollok.ita.voco.ee\/index.php\/kkk\/#breadcrumb\"},\"inLanguage\":\"en-US\",\"potentialAction\":[{\"@type\":\"ReadAction\",\"target\":[\"https:\/\/veo23mollok.ita.voco.ee\/index.php\/kkk\/\"]}]},{\"@type\":\"BreadcrumbList\",\"@id\":\"https:\/\/veo23mollok.ita.voco.ee\/index.php\/kkk\/#breadcrumb\",\"itemListElement\":[{\"@type\":\"ListItem\",\"position\":1,\"name\":\"Home\",\"item\":\"https:\/\/veo23mollok.ita.voco.ee\/\"},{\"@type\":\"ListItem\",\"position\":2,\"name\":\"KKK\"}]},{\"@type\":\"WebSite\",\"@id\":\"https:\/\/veo23mollok.ita.voco.ee\/#website\",\"url\":\"https:\/\/veo23mollok.ita.voco.ee\/\",\"name\":\"Venose paadislipp- lihtsaim viis veele j\u00f5udmiseks!\",\"description\":\"\",\"publisher\":{\"@id\":\"https:\/\/veo23mollok.ita.voco.ee\/#organization\"},\"potentialAction\":[{\"@type\":\"SearchAction\",\"target\":{\"@type\":\"EntryPoint\",\"urlTemplate\":\"https:\/\/veo23mollok.ita.voco.ee\/?s={search_term_string}\"},\"query-input\":{\"@type\":\"PropertyValueSpecification\",\"valueRequired\":true,\"valueName\":\"search_term_string\"}}],\"inLanguage\":\"en-US\"},{\"@type\":\"Organization\",\"@id\":\"https:\/\/veo23mollok.ita.voco.ee\/#organization\",\"name\":\"Venose paadislipp- lihtsaim viis veele j\u00f5udmiseks!\",\"url\":\"https:\/\/veo23mollok.ita.voco.ee\/\",\"logo\":{\"@type\":\"ImageObject\",\"inLanguage\":\"en-US\",\"@id\":\"https:\/\/veo23mollok.ita.voco.ee\/#\/schema\/logo\/image\/\",\"url\":\"https:\/\/veo23mollok.ita.voco.ee\/wp-content\/uploads\/2024\/12\/Screenshot-2024-12-14-153348.png\",\"contentUrl\":\"https:\/\/veo23mollok.ita.voco.ee\/wp-content\/uploads\/2024\/12\/Screenshot-2024-12-14-153348.png\",\"width\":550,\"height\":210,\"caption\":\"Venose paadislipp- lihtsaim viis veele j\u00f5udmiseks!\"},\"image\":{\"@id\":\"https:\/\/veo23mollok.ita.voco.ee\/#\/schema\/logo\/image\/\"}}]}<\/script>\n<!-- \/ Yoast SEO plugin. -->","yoast_head_json":{"title":"KKK - Venose paadislipp- lihtsaim viis veele j\u00f5udmiseks!","robots":{"index":"index","follow":"follow","max-snippet":"max-snippet:-1","max-image-preview":"max-image-preview:large","max-video-preview":"max-video-preview:-1"},"canonical":"https:\/\/veo23mollok.ita.voco.ee\/index.php\/kkk\/","og_locale":"en_US","og_type":"article","og_title":"KKK - Venose paadislipp- lihtsaim viis veele j\u00f5udmiseks!","og_description":"Korduma kippuvad k\u00fcsimused","og_url":"https:\/\/veo23mollok.ita.voco.ee\/index.php\/kkk\/","og_site_name":"Venose paadislipp- lihtsaim viis veele j\u00f5udmiseks!","article_modified_time":"2025-01-06T07:24:35+00:00","twitter_card":"summary_large_image","schema":{"@context":"https:\/\/schema.org","@graph":[{"@type":"WebPage","@id":"https:\/\/veo23mollok.ita.voco.ee\/index.php\/kkk\/","url":"https:\/\/veo23mollok.ita.voco.ee\/index.php\/kkk\/","name":"KKK - Venose paadislipp- lihtsaim viis veele j\u00f5udmiseks!","isPartOf":{"@id":"https:\/\/veo23mollok.ita.voco.ee\/#website"},"datePublished":"2024-12-27T19:19:22+00:00","dateModified":"2025-01-06T07:24:35+00:00","breadcrumb":{"@id":"https:\/\/veo23mollok.ita.voco.ee\/index.php\/kkk\/#breadcrumb"},"inLanguage":"en-US","potentialAction":[{"@type":"ReadAction","target":["https:\/\/veo23mollok.ita.voco.ee\/index.php\/kkk\/"]}]},{"@type":"BreadcrumbList","@id":"https:\/\/veo23mollok.ita.voco.ee\/index.php\/kkk\/#breadcrumb","itemListElement":[{"@type":"ListItem","position":1,"name":"Home","item":"https:\/\/veo23mollok.ita.voco.ee\/"},{"@type":"ListItem","position":2,"name":"KKK"}]},{"@type":"WebSite","@id":"https:\/\/veo23mollok.ita.voco.ee\/#website","url":"https:\/\/veo23mollok.ita.voco.ee\/","name":"Venose paadislipp- lihtsaim viis veele j\u00f5udmiseks!","description":"","publisher":{"@id":"https:\/\/veo23mollok.ita.voco.ee\/#organization"},"potentialAction":[{"@type":"SearchAction","target":{"@type":"EntryPoint","urlTemplate":"https:\/\/veo23mollok.ita.voco.ee\/?s={search_term_string}"},"query-input":{"@type":"PropertyValueSpecification","valueRequired":true,"valueName":"search_term_string"}}],"inLanguage":"en-US"},{"@type":"Organization","@id":"https:\/\/veo23mollok.ita.voco.ee\/#organization","name":"Venose paadislipp- lihtsaim viis veele j\u00f5udmiseks!","url":"https:\/\/veo23mollok.ita.voco.ee\/","logo":{"@type":"ImageObject","inLanguage":"en-US","@id":"https:\/\/veo23mollok.ita.voco.ee\/#\/schema\/logo\/image\/","url":"https:\/\/veo23mollok.ita.voco.ee\/wp-content\/uploads\/2024\/12\/Screenshot-2024-12-14-153348.png","contentUrl":"https:\/\/veo23mollok.ita.voco.ee\/wp-content\/uploads\/2024\/12\/Screenshot-2024-12-14-153348.png","width":550,"height":210,"caption":"Venose paadislipp- lihtsaim viis veele j\u00f5udmiseks!"},"image":{"@id":"https:\/\/veo23mollok.ita.voco.ee\/#\/schema\/logo\/image\/"}}]}},"jetpack_sharing_enabled":true,"_links":{"self":[{"href":"https:\/\/veo23mollok.ita.voco.ee\/index.php\/wp-json\/wp\/v2\/pages\/205","targetHints":{"allow":["GET"]}}],"collection":[{"href":"https:\/\/veo23mollok.ita.voco.ee\/index.php\/wp-json\/wp\/v2\/pages"}],"about":[{"href":"https:\/\/veo23mollok.ita.voco.ee\/index.php\/wp-json\/wp\/v2\/types\/page"}],"author":[{"embeddable":true,"href":"https:\/\/veo23mollok.ita.voco.ee\/index.php\/wp-json\/wp\/v2\/users\/1"}],"replies":[{"embeddable":true,"href":"https:\/\/veo23mollok.ita.voco.ee\/index.php\/wp-json\/wp\/v2\/comments?post=205"}],"version-history":[{"count":5,"href":"https:\/\/veo23mollok.ita.voco.ee\/index.php\/wp-json\/wp\/v2\/pages\/205\/revisions"}],"predecessor-version":[{"id":240,"href":"https:\/\/veo23mollok.ita.voco.ee\/index.php\/wp-json\/wp\/v2\/pages\/205\/revisions\/240"}],"wp:attachment":[{"href":"https:\/\/veo23mollok.ita.voco.ee\/index.php\/wp-json\/wp\/v2\/media?parent=205"}],"curies":[{"name":"wp","href":"https:\/\/api.w.org\/{rel}","templated":true}]}}